{"id":5110,"date":"2022-02-18T12:07:39","date_gmt":"2022-02-18T11:07:39","guid":{"rendered":"https:\/\/www.loading.es\/blog\/?page_id=5110"},"modified":"2022-02-21T11:19:10","modified_gmt":"2022-02-21T10:19:10","slug":"politica-de-cookies","status":"publish","type":"page","link":"https:\/\/www.loading.es\/blog\/politica-de-cookies\/","title":{"rendered":"Pol\u00edtica de Cookies"},"content":{"rendered":"\n<p><strong>Cookies<\/strong><\/p>\n\n\n\n<p>En cumplimiento de la obligaci\u00f3n de informar en el momento de la instalaci\u00f3n de Cookies en su terminal inform\u00e1tico y en base al art\u00edculo 22.2 (derecho de los destinatarios de los servicios) de la\u00a0<strong>Ley 34\/2002, de 11 de julio, de Servicios de la Sociedad de la Informaci\u00f3n y de Comercio Electr\u00f3nico<\/strong>, le informamos de que los prestadores de servicios podr\u00e1n utilizar dispositivos de almacenamiento y recuperaci\u00f3n de datos en equipos terminales de los destinatarios, a condici\u00f3n de que los mismos hayan dado su\u00a0consentimiento\u00a0despu\u00e9s de que se les haya facilitado informaci\u00f3n clara y completa sobre su utilizaci\u00f3n, en particular, sobre los fines del tratamiento de los datos, con arreglo a lo dispuesto en la\u00a0<strong>Ley Org\u00e1nica de Protecci\u00f3n de Datos Personales y Garant\u00eda de los Derechos Digitales (LOPDGDD) y en el RGPD 2016\/679 de la Uni\u00f3n Europea.<\/strong><\/p>\n\n\n\n<p>Le hacemos saber que nuestro sitio web utiliza cookies.<\/p>\n\n\n\n<p><strong>1. \u00bfQU\u00c9 ES UNA COOKIE?<\/strong><\/p>\n\n\n\n<p>Una cookie es un peque\u00f1o archivo de letras y n\u00fameros o dispositivo que se descarga en el ordenador o equipo, tableta o m\u00f3vil cuando el usuario navega en Internet, con la finalidad de almacenar datos que podr\u00e1n ser actualizados y recuperados por la entidad responsable de su instalaci\u00f3n.<\/p>\n\n\n\n<p>Las cookies son peque\u00f1os ficheros de datos o conjunto de caracteres que se almacenan en el disco duro o en la memoria temporal del ordenador del usuario cuando accede a las p\u00e1ginas de determinados sitios Web. Se utilizan para que el servidor accedido pueda conocer las preferencias del usuario al volver \u00e9ste a conectarse.<\/p>\n\n\n\n<p>Estas cookies \u201ct\u00e9cnicas\u201d nos permiten distinguirlo de otros usuarios de la p\u00e1gina web y nos ayuda a ofrecerle una \u00f3ptima experiencia al navegar por nuestro sitio web, as\u00ed como mejorarlo. Tambi\u00e9n usamos cookies \u00abanal\u00edticas\u00bb que nos permiten reconocer y contar el n\u00famero de visitantes y de ver c\u00f3mo los usuarios se mueven por el sitio web. Esta informaci\u00f3n nos ayuda a mejorar el funcionamiento de nuestra web.<\/p>\n\n\n\n<p>Algunas cookies son esenciales para el funcionamiento del sitio. No obstante si as\u00ed lo desea usted puede proceder a eliminar y bloquear todas las cookies de este sitio, aunque ser\u00eda posible que partes del sitio web no funcionaran.<\/p>\n\n\n\n<p>La primera finalidad de las Cookies es la de facilitar al Usuario un acceso m\u00e1s r\u00e1pido a los Servicios seleccionados. Adem\u00e1s, las Cookies personalizan los Servicios que ofrece la Web, facilitando y ofreciendo a cada Usuario informaci\u00f3n que es de su inter\u00e9s o que puede ser de su inter\u00e9s, en atenci\u00f3n al uso que realiza de los Servicios.<\/p>\n\n\n\n<p>La Web utiliza Cookies para personalizar y facilitar al m\u00e1ximo la navegaci\u00f3n del Usuario. Las Cookies se asocian \u00fanicamente a un Usuario an\u00f3nimo y su ordenador y no proporcionan referencias que permitan deducir datos personales del Usuario. El Usuario podr\u00e1 configurar su navegador para que notifique y rechace la instalaci\u00f3n de las Cookies enviadas por la Web, sin que ello perjudique la posibilidad del Usuario de acceder a los Contenidos. Sin embargo debe tener en cuenta, en todo caso, que la calidad de funcionamiento de la p\u00e1gina Web puede disminuir.<\/p>\n\n\n\n<p>Los Usuarios registrados que se registren o que hayan iniciado sesi\u00f3n, podr\u00e1n beneficiarse de unos servicios m\u00e1s personalizados y orientados a su perfil, gracias a la combinaci\u00f3n de los datos almacenados en las cookies con los datos personales utilizados en el momento de su registro. Dichos Usuarios autorizan expresamente el uso de esta informaci\u00f3n con la finalidad indicada, sin perjuicio de su derecho a rechazar o deshabilitar el uso de cookies.<\/p>\n\n\n\n<p><strong>2. NUESTRA POL\u00cdTICA SOBRE COOKIES<\/strong><\/p>\n\n\n\n<p>Para utilizar este sitio web al completo el usuario deber\u00e1 aceptar las cookies ya que muchas funcionalidades online han sido dise\u00f1adas espec\u00edficamente para funcionar por medio del uso de cookies. Es importante se\u00f1alar que las cookies que se han instalado por medio de este sitio web pueden guardan informaci\u00f3n de car\u00e1cter personal suya pero en ning\u00fan momento datos personales de naturaleza sensible.<\/p>\n\n\n\n<p><strong>A continuaci\u00f3n, se realiza una clasificaci\u00f3n de las cookies en funci\u00f3n de una serie de categor\u00edas.<\/strong>&nbsp;No obstante es necesario tener en cuenta que una misma cookie puede estar incluida en m\u00e1s de una categor\u00eda.<\/p>\n\n\n\n<p>a.&nbsp;<strong>TIPOS DE COOKIES SEG\u00daN LA ENTIDAD QUE LAS GESTIONE<\/strong><\/p>\n\n\n\n<p>Seg\u00fan quien sea la entidad que gestione el equipo o dominio desde donde se env\u00edan las cookies y trate los datos que se obtengan, podemos distinguir:<\/p>\n\n\n\n<p><strong>\u2022 Cookies propias:<\/strong>&nbsp;Son aqu\u00e9llas que se env\u00edan al equipo terminal del usuario Desde un equipo o dominio gestionado por el propio editor y desde el que se presta el servicio solicitado por el usuario.<\/p>\n\n\n\n<p><strong>\u2022 Cookies de terceros:<\/strong>&nbsp;Son aqu\u00e9llas que se env\u00edan al equipo terminal del usuario desde un equipo o dominio que no es gestionado por el editor, sino por otra entidad que trata los datos obtenidos trav\u00e9s de las cookies.<\/p>\n\n\n\n<p>En el caso de que las cookies sean instaladas desde un equipo o dominio gestionado por el propio editor pero la informaci\u00f3n que se recoja mediante \u00e9stas sea gestionada por un tercero, no pueden ser consideradas como cookies propias.<\/p>\n\n\n\n<p>b.&nbsp;<strong>TIPOS DE COOKIES SEG\u00daN EL PLAZO DE TIEMPO QUE PERMANECEN ACTIVADAS<\/strong><\/p>\n\n\n\n<p>Seg\u00fan el plazo de tiempo que permanecen activadas en el equipo terminal podemos distinguir:<\/p>\n\n\n\n<p><strong>\u2022 Cookies de sesi\u00f3n:<\/strong>&nbsp;Son un tipo de cookies dise\u00f1adas para recabar y almacenar datos mientras el usuario accede a una p\u00e1gina web.<\/p>\n\n\n\n<p>Se suelen emplear para almacenar informaci\u00f3n que solo interesa conservar para la prestaci\u00f3n del servicio solicitado por el usuario en una sola ocasi\u00f3n (p.e. una lista de productos adquiridos).<\/p>\n\n\n\n<p><strong>\u2022 Cookies persistentes:<\/strong>&nbsp;Son un tipo de cookies en el que los datos siguen almacenados en el terminal y pueden ser accedidos y tratados durante un periodo definido por el responsable de la cookie, y que puede ir de unos minutos a varios a\u00f1os.<\/p>\n\n\n\n<p>c.&nbsp;<strong>TIPOS DE COOKIES SEG\u00daN SU FINALIDAD<\/strong><\/p>\n\n\n\n<p>Seg\u00fan la finalidad para la que se traten los datos obtenidos a trav\u00e9s de las cookies, podemos distinguir entre:<\/p>\n\n\n\n<p><strong>\u2022 Cookies t\u00e9cnicas:<\/strong>&nbsp;Son aqu\u00e9llas que permiten al usuario la navegaci\u00f3n a trav\u00e9s de una p\u00e1gina web, plataforma o aplicaci\u00f3n y la utilizaci\u00f3n de las diferentes opciones o servicios que en ella existan como, por ejemplo, controlar el tr\u00e1fico y la comunicaci\u00f3n de datos, identificar la sesi\u00f3n, acceder a partes de acceso restringido, recordar los elementos que integran un pedido, realizar el proceso de compra de un pedido, realizar la solicitud de inscripci\u00f3n o participaci\u00f3n en un evento, utilizar elementos de seguridad durante la navegaci\u00f3n, almacenar contenidos para la difusi\u00f3n de videos o sonido o compartir contenidos a trav\u00e9s de redes sociales.<\/p>\n\n\n\n<p><strong>\u2022 Cookies de personalizaci\u00f3n:<\/strong>&nbsp;Son aqu\u00e9llas que permiten al usuario acceder al servicio con algunas caracter\u00edsticas de car\u00e1cter general predefinidas en funci\u00f3n de una serie de criterios en el terminal del usuario como por ejemplo serian el idioma, el tipo de navegador a trav\u00e9s del cual accede al servicio, la configuraci\u00f3n regional desde donde accede al servicio, etc.<\/p>\n\n\n\n<p><strong>\u2022 Cookies de an\u00e1lisis:<\/strong>&nbsp;Son aqu\u00e9llas que permiten al responsable de las mismas, el seguimiento y an\u00e1lisis del comportamiento de los usuarios de los sitios web a los que est\u00e1n vinculadas. La informaci\u00f3n recogida mediante este tipo de cookies se utiliza en la medici\u00f3n de la actividad de los sitios web, aplicaci\u00f3n o plataforma y para la elaboraci\u00f3n de perfiles de navegaci\u00f3n de los usuarios de dichos sitios, aplicaciones y plataformas, con el fin de introducir mejoras en funci\u00f3n del an\u00e1lisis de los datos de uso que hacen los usuarios del servicio.<\/p>\n\n\n\n<p><strong>\u2022 Cookies publicitarias:<\/strong>&nbsp;Son aqu\u00e9llas que permiten la gesti\u00f3n, de la forma m\u00e1s eficaz posible, de los espacios publicitarios que, en su caso, el editor haya incluido en una p\u00e1gina web, aplicaci\u00f3n o plataforma desde la que presta el servicio solicitado en base a criterios como el contenido editado o la frecuencia en la que se muestran los anuncios.<\/p>\n\n\n\n<p><strong>\u2022 Cookies de publicidad comportamental:<\/strong>&nbsp;Son aqu\u00e9llas que permiten la gesti\u00f3n, de la forma m\u00e1s eficaz posible, de los espacios publicitarios que, en su caso, el editor haya incluido en una p\u00e1gina web, aplicaci\u00f3n o plataforma desde la que presta el servicio solicitado. Estas cookies almacenan informaci\u00f3n del comportamiento de los usuarios obtenida a trav\u00e9s de la observaci\u00f3n continuada de sus h\u00e1bitos de navegaci\u00f3n, lo que permite desarrollar un perfil espec\u00edfico para mostrar publicidad en funci\u00f3n del mismo.<\/p>\n\n\n\n<p><strong>3. ACEPTACI\u00d3N EXPRESA<\/strong><\/p>\n\n\n\n<p>El Usuario acepta expresamente, mediante la navegaci\u00f3n a trav\u00e9s de las diversas secciones de este sitio web, el tratamiento de la informaci\u00f3n recabada en la forma y con los fines anteriormente mencionados. Y asimismo manifiesta conocer la posibilidad de rechazar el tratamiento de tales datos o informaci\u00f3n rechazando el uso de Cookies mediante la selecci\u00f3n de la configuraci\u00f3n apropiada a tal fin en su navegador. Si bien esta opci\u00f3n de bloqueo de Cookies en su navegador puede no permitirle el uso pleno de todas las funcionalidades de nuestro sitio web.<\/p>\n\n\n\n<p><strong>4. GESTI\u00d3N DE COOKIES<\/strong><\/p>\n\n\n\n<p><strong>\u00bfQu\u00e9 ocurre si no se permite la instalaci\u00f3n de cookies o si se deshabilitan?<\/strong><\/p>\n\n\n\n<p>Su experiencia en el sitio web podr\u00e1 ser limitada y algunas funcionalidades de los Servicios quedar\u00e1n deshabilitados como, por ejemplo, permanecer identificado.<\/p>\n\n\n\n<p><strong>\u00bfC\u00f3mo desactivar\/activar las cookies?<\/strong><\/p>\n\n\n\n<p>Para desactivar\/activar cookies del dispositivo, el usuario tendr\u00e1 que hacerlo a trav\u00e9s del navegador de Internet.<\/p>\n\n\n\n<p>Puede obtener m\u00e1s informaci\u00f3n de c\u00f3mo configurar su navegador para aceptar o no determinadas cookies o de c\u00f3mo eliminar las cookies en las gu\u00edas de configuraci\u00f3n de cookies, privacidad y seguridad de los fabricantes de cada uno de los navegadores.<\/p>\n\n\n\n<p>Todos los navegadores modernos permiten cambiar la configuraci\u00f3n de Cookies. Estos ajustes normalmente se encuentran en las \u2018opciones\u2019 o \u2018Preferencias\u2019 del men\u00fa de su navegador.<\/p>\n\n\n\n<p>Usted puede restringir, bloquear o borrar las cookies de nuestra p\u00e1gina web o cualquier otra p\u00e1gina web, utilizando su navegador. En cada navegador la operativa es diferente, la funci\u00f3n de \u00abAyuda\u00bb le mostrar\u00e1 c\u00f3mo hacerlo.<\/p>\n\n\n\n<p><strong>\u2022 Internet Explorer:<\/strong>&nbsp;Herramientas -&gt; Opciones de Internet -&gt; Privacidad -&gt; Configuraci\u00f3n.<\/p>\n\n\n\n<p>Para m\u00e1s informaci\u00f3n, puede consultar el soporte de Microsoft o la Ayuda del navegador.<\/p>\n\n\n\n<p><strong>\u2022 Firefox:<\/strong>&nbsp;Herramientas -&gt; Opciones -&gt; Privacidad -&gt; Historial -&gt; Configuraci\u00f3n Personalizada.<\/p>\n\n\n\n<p>Para m\u00e1s informaci\u00f3n, puede consulte el soporte de Mozilla o la Ayuda del navegador.<\/p>\n\n\n\n<p><strong>\u2022 Chrome:<\/strong>&nbsp;Configuraci\u00f3n -&gt; Mostrar opciones avanzadas -&gt; Privacidad -&gt; Configuraci\u00f3n de contenido.<\/p>\n\n\n\n<p>Para m\u00e1s informaci\u00f3n, puede consulte el soporte de Google o la Ayuda del navegador.<\/p>\n\n\n\n<p><strong>\u2022 Safari:<\/strong>&nbsp;Preferencias -&gt; Seguridad.<\/p>\n\n\n\n<p>Para m\u00e1s informaci\u00f3n, puede consulte el soporte de Apple o la Ayuda del navegador.<\/p>\n\n\n\n<p>Si desea informaci\u00f3n sobre c\u00f3mo gestionar cookies en una tableta y\/o m\u00f3vil, deber\u00e1 consultar su documentaci\u00f3n o archivos de ayuda online.<\/p>\n\n\n\n<p><strong>\u00bfC\u00f3mo desactivar\/activar las cookies de terceros?<\/strong><\/p>\n\n\n\n<p>Las cookies de terceros no las instalamos nosotros. Por lo tanto sugerimos que el usuario consulte los sitios web de esos terceros para obtener informaci\u00f3n sobre las cookies que instalan y c\u00f3mo se pueden gestionar.<\/p>\n\n\n\n<p><strong>5. ACTUALIZACIONES Y CAMBIOS EN LA POL\u00cdTICA DE PRIVACIDAD \/ COOKIES<\/strong><\/p>\n\n\n\n<p>La Web puede modificar esta Pol\u00edtica de Cookies en funci\u00f3n de exigencias legislativas, reglamentarias, o con la finalidad de adaptar dicha pol\u00edtica a las instrucciones dictadas por la Agencia Espa\u00f1ola de Protecci\u00f3n de Datos (AEPD), por ello se aconseja a los Usuarios que la visiten peri\u00f3dicamente.<\/p>\n\n\n\n<p>Cuando se produzcan cambios significativos en esta Pol\u00edtica de Cookies, se comunicar\u00e1n a los Usuarios bien mediante la web o a trav\u00e9s de correo electr\u00f3nico a los Usuarios registrados.<\/p>\n\n\n\n<p><strong>RELACI\u00d3N DE COOKIES EMPLEADAS POR LA ENTIDAD<\/strong><\/p>\n\n\n\n<p><strong>\u2022 COOKIES PROPIAS O DE TERCEROS<\/strong><\/p>\n\n\n\n<p>A continuaci\u00f3n reproducimos una tabla de las cookies que se instalar\u00e1n en su ordenador por este sitio web si usted consiente en ello.<\/p>\n\n\n\n<figure class=\"wp-block-table is-style-regular\"><table><tbody><tr><td><strong>Dominio<\/strong><\/td><td><strong>Cookies<\/strong><\/td><td><strong>Informaci\u00f3n y Expiraci\u00f3n<\/strong><\/td><\/tr><tr><td>www.loading.es\/blog&nbsp;<\/td><td><strong>_ga<\/strong><br>Cookie de terceros anal\u00edtica de Google<\/td><td>Anal\u00edtica, relacionada con Google Analytics que se usa para distinguir a los usuarios. Esta cookie expira en un (2) a\u00f1os.<\/td><\/tr><tr><td>www.loading.es\/blog&nbsp;<\/td><td><strong>_gid<\/strong><br>Cookie de terceros anal\u00edtica de Google<\/td><td>Anal\u00edtica, relacionada con Google Analytics que se usa para distinguir a los usuarios. Esta cookie expira en un (1) d\u00eda.<\/td><\/tr><\/tbody><\/table><\/figure>\n","protected":false},"excerpt":{"rendered":"<p>Cookies En cumplimiento de la obligaci\u00f3n de informar en el momento de la instalaci\u00f3n de Cookies en su terminal inform\u00e1tico y en base al art\u00edculo 22.2 (derecho de los destinatarios de los servicios) de la\u00a0Ley 34\/2002, de 11 de julio, de Servicios de la Sociedad de la Informaci\u00f3n y de Comercio Electr\u00f3nico, le informamos de&#8230;<\/p>\n","protected":false},"author":1,"featured_media":0,"parent":0,"menu_order":0,"comment_status":"closed","ping_status":"closed","template":"","meta":{"footnotes":""},"aioseo_notices":[],"_links":{"self":[{"href":"https:\/\/www.loading.es\/blog\/wp-json\/wp\/v2\/pages\/5110"}],"collection":[{"href":"https:\/\/www.loading.es\/blog\/wp-json\/wp\/v2\/pages"}],"about":[{"href":"https:\/\/www.loading.es\/blog\/wp-json\/wp\/v2\/types\/page"}],"author":[{"embeddable":true,"href":"https:\/\/www.loading.es\/blog\/wp-json\/wp\/v2\/users\/1"}],"replies":[{"embeddable":true,"href":"https:\/\/www.loading.es\/blog\/wp-json\/wp\/v2\/comments?post=5110"}],"version-history":[{"count":3,"href":"https:\/\/www.loading.es\/blog\/wp-json\/wp\/v2\/pages\/5110\/revisions"}],"predecessor-version":[{"id":5146,"href":"https:\/\/www.loading.es\/blog\/wp-json\/wp\/v2\/pages\/5110\/revisions\/5146"}],"wp:attachment":[{"href":"https:\/\/www.loading.es\/blog\/wp-json\/wp\/v2\/media?parent=5110"}],"curies":[{"name":"wp","href":"https:\/\/api.w.org\/{rel}","templated":true}]}}